{"id":8,"date":"2020-11-21T12:48:47","date_gmt":"2020-11-21T11:48:47","guid":{"rendered":"https:\/\/www.jaorrshona.fr\/?page_id=8"},"modified":"2023-01-04T17:01:44","modified_gmt":"2023-01-04T16:01:44","slug":"accompagnement-holistique-se-liberer-et-rayonner","status":"publish","type":"page","link":"https:\/\/www.jaorrshona.fr\/?page_id=8","title":{"rendered":"Accompagnement holistique"},"content":{"rendered":"<p><\/p>\n\n\n<\/p>\n<p><strong>Se lib\u00e9rer et rayonner<\/strong><\/p>\n<p>\n\n\n\n<\/p>\nD\u00e8s maintenant, vous pouvez choisir de reprendre les r\u00eanes de votre vie, vous lib\u00e9rer et rayonner! Vous avez toutes les ressources n\u00e9cessaires \u00e0 l\u2019int\u00e9rieur de vous. \u00cates-vous pr\u00eats \u00e0 en prendre conscience afin de r\u00e9v\u00e9ler et d\u2019activer ce merveilleux potentiel?\n\u00a0\nMa d\u00e9marche consiste \u00e0 prendre soin de l\u2019\u00eatre humain dans sa globalit\u00e9, en consid\u00e9rant ses composantes spirituelles, physiques, mentales et \u00e9motionnelles. Les soins que je propose en <a href=\"https:\/\/www.jaorrshona.fr\/?page_id=191\"><em>hypnose<\/em><\/a> ou en <a href=\"https:\/\/www.jaorrshona.fr\/?page_id=202\"><em>magn\u00e9tisme<\/em><\/a> ne remplacent pas un suivi m\u00e9dical, mais interviennent en compl\u00e9ment pour apporter un accompagnement personnalis\u00e9. Je vous accueille dans un espace de bienveillance propice \u00e0 l\u2019expression de soi. Je m\u2019adapte \u00e0 vos besoins, en respectant votre rythme, vos croyances et l\u2019\u00eatre unique que vous \u00eates.\n\u00a0\nNous recherchons ensemble les causes profondes de votre mal-\u00eatre. Vous \u00eates ainsi guid\u00e9 pour d\u00e9m\u00ealer les fils de votre histoire, d\u00e9nouer vos blocages inconscients, reprendre pied dans votre existence et faire \u00e9clore votre lumi\u00e8re. Ce chemin de gu\u00e9rison vous aide \u00e0 vous reconnecter \u00e0 vous-m\u00eame et \u00e0 vous accorder \u00e0 vos aspirations les plus \u00e9lev\u00e9es.\n\u00a0\n<p>\n\n\n\n<p class=\"has-text-align-left\"><\/p>\n\n\n\n<\/p>\n<figure><img decoding=\"async\" src=\"https:\/\/www.jaorrshona.fr\/wp-content\/uploads\/2020\/11\/fractal-199054_1280-1024x827.jpg\" alt=\"\" \/><\/figure>\n<p>\n\n\n<p><\/p>","protected":false},"excerpt":{"rendered":"<p>Se lib\u00e9rer et rayonner D\u00e8s maintenant, vous pouvez choisir de reprendre les r\u00eanes de votre vie, vous lib\u00e9rer et rayonner! Vous avez toutes les ressources n\u00e9cessaires \u00e0 l\u2019int\u00e9rieur de vous. \u00cates-vous pr\u00eats \u00e0 en prendre conscience afin de r\u00e9v\u00e9ler et d\u2019activer ce merveilleux potentiel? \u00a0 Ma d\u00e9marche consiste \u00e0 prendre soin de l\u2019\u00eatre humain dans [&hellip;]<\/p>\n","protected":false},"author":1,"featured_media":0,"parent":0,"menu_order":0,"comment_status":"closed","ping_status":"closed","template":"","meta":{"ocean_post_layout":"","ocean_both_sidebars_style":"","ocean_both_sidebars_content_width":0,"ocean_both_sidebars_sidebars_width":0,"ocean_sidebar":"0","ocean_second_sidebar":"0","ocean_disable_margins":"enable","ocean_add_body_class":"","ocean_shortcode_before_top_bar":"","ocean_shortcode_after_top_bar":"","ocean_shortcode_before_header":"","ocean_shortcode_after_header":"","ocean_has_shortcode":"","ocean_shortcode_after_title":"","ocean_shortcode_before_footer_widgets":"","ocean_shortcode_after_footer_widgets":"","ocean_shortcode_before_footer_bottom":"","ocean_shortcode_after_footer_bottom":"","ocean_display_top_bar":"default","ocean_display_header":"default","ocean_header_style":"","ocean_center_header_left_menu":"0","ocean_custom_header_template":"0","ocean_custom_logo":0,"ocean_custom_retina_logo":0,"ocean_custom_logo_max_width":0,"ocean_custom_logo_tablet_max_width":0,"ocean_custom_logo_mobile_max_width":0,"ocean_custom_logo_max_height":0,"ocean_custom_logo_tablet_max_height":0,"ocean_custom_logo_mobile_max_height":0,"ocean_header_custom_menu":"0","ocean_menu_typo_font_family":"0","ocean_menu_typo_font_subset":"","ocean_menu_typo_font_size":0,"ocean_menu_typo_font_size_tablet":0,"ocean_menu_typo_font_size_mobile":0,"ocean_menu_typo_font_size_unit":"px","ocean_menu_typo_font_weight":"","ocean_menu_typo_font_weight_tablet":"","ocean_menu_typo_font_weight_mobile":"","ocean_menu_typo_transform":"","ocean_menu_typo_transform_tablet":"","ocean_menu_typo_transform_mobile":"","ocean_menu_typo_line_height":0,"ocean_menu_typo_line_height_tablet":0,"ocean_menu_typo_line_height_mobile":0,"ocean_menu_typo_line_height_unit":"","ocean_menu_typo_spacing":0,"ocean_menu_typo_spacing_tablet":0,"ocean_menu_typo_spacing_mobile":0,"ocean_menu_typo_spacing_unit":"","ocean_menu_link_color":"","ocean_menu_link_color_hover":"","ocean_menu_link_color_active":"","ocean_menu_link_background":"","ocean_menu_link_hover_background":"","ocean_menu_link_active_background":"","ocean_menu_social_links_bg":"","ocean_menu_social_hover_links_bg":"","ocean_menu_social_links_color":"","ocean_menu_social_hover_links_color":"","ocean_disable_title":"default","ocean_disable_heading":"default","ocean_post_title":"","ocean_post_subheading":"","ocean_post_title_style":"","ocean_post_title_background_color":"","ocean_post_title_background":0,"ocean_post_title_bg_image_position":"","ocean_post_title_bg_image_attachment":"","ocean_post_title_bg_image_repeat":"","ocean_post_title_bg_image_size":"","ocean_post_title_height":0,"ocean_post_title_bg_overlay":0.5,"ocean_post_title_bg_overlay_color":"","ocean_disable_breadcrumbs":"default","ocean_breadcrumbs_color":"","ocean_breadcrumbs_separator_color":"","ocean_breadcrumbs_links_color":"","ocean_breadcrumbs_links_hover_color":"","ocean_display_footer_widgets":"default","ocean_display_footer_bottom":"default","ocean_custom_footer_template":"0","footnotes":""},"class_list":["post-8","page","type-page","status-publish","hentry","entry"],"jetpack_sharing_enabled":true,"_links":{"self":[{"href":"https:\/\/www.jaorrshona.fr\/index.php?rest_route=\/wp\/v2\/pages\/8"}],"collection":[{"href":"https:\/\/www.jaorrshona.fr\/index.php?rest_route=\/wp\/v2\/pages"}],"about":[{"href":"https:\/\/www.jaorrshona.fr\/index.php?rest_route=\/wp\/v2\/types\/page"}],"author":[{"embeddable":true,"href":"https:\/\/www.jaorrshona.fr\/index.php?rest_route=\/wp\/v2\/users\/1"}],"replies":[{"embeddable":true,"href":"https:\/\/www.jaorrshona.fr\/index.php?rest_route=%2Fwp%2Fv2%2Fcomments&post=8"}],"version-history":[{"count":49,"href":"https:\/\/www.jaorrshona.fr\/index.php?rest_route=\/wp\/v2\/pages\/8\/revisions"}],"predecessor-version":[{"id":526,"href":"https:\/\/www.jaorrshona.fr\/index.php?rest_route=\/wp\/v2\/pages\/8\/revisions\/526"}],"wp:attachment":[{"href":"https:\/\/www.jaorrshona.fr\/index.php?rest_route=%2Fwp%2Fv2%2Fmedia&parent=8"}],"curies":[{"name":"wp","href":"https:\/\/api.w.org\/{rel}","templated":true}]}}