{"id":202,"date":"2020-11-26T17:16:59","date_gmt":"2020-11-26T16:16:59","guid":{"rendered":"https:\/\/www.jaorrshona.fr\/?page_id=202"},"modified":"2022-10-28T15:59:19","modified_gmt":"2022-10-28T13:59:19","slug":"magnetisme","status":"publish","type":"page","link":"https:\/\/www.jaorrshona.fr\/?page_id=202","title":{"rendered":"Magn\u00e9tisme"},"content":{"rendered":"\t\t<div data-elementor-type=\"wp-page\" data-elementor-id=\"202\" class=\"elementor elementor-202\">\n\t\t\t\t\t\t<section class=\"elementor-section elementor-top-section elementor-element elementor-element-4bf0c7fc elementor-section-boxed elementor-section-height-default elementor-section-height-default\" data-id=\"4bf0c7fc\" data-element_type=\"section\" data-e-type=\"section\">\n\t\t\t\t\t\t<div class=\"elementor-container elementor-column-gap-default\">\n\t\t\t\t\t<div class=\"elementor-column elementor-col-100 elementor-top-column elementor-element elementor-element-74dcf3a3\" data-id=\"74dcf3a3\" data-element_type=\"column\" data-e-type=\"column\">\n\t\t\t<div class=\"elementor-widget-wrap elementor-element-populated\">\n\t\t\t\t\t\t<div class=\"elementor-element elementor-element-477fbd46 elementor-widget elementor-widget-text-editor\" data-id=\"477fbd46\" data-element_type=\"widget\" data-e-type=\"widget\" data-widget_type=\"text-editor.default\">\n\t\t\t\t<div class=\"elementor-widget-container\">\n\t\t\t\t\t\t\t\t\t<p><\/p>\n<blockquote class=\"wp-block-quote is-layout-flow wp-block-quote-is-layout-flow\">\n<p>\u00ab Tout est \u00e9nergie, et c\u2019est l\u00e0 tout ce qu\u2019il y a \u00e0 comprendre dans la vie. Aligne-toi \u00e0 la fr\u00e9quence de la r\u00e9alit\u00e9 que tu souhaites et cette r\u00e9alit\u00e9 se manifestera. Il ne peut en \u00eatre autrement. Ce n\u2019est pas de la philosophie. C\u2019est de la physique. \u00bb<\/p>\n<p><cite>Albert Einstein<\/cite><\/p>\n<\/blockquote>\n<p><\/p>\n<p><\/p>\n<p><strong>\u00a0<\/strong><\/p>\n<p><strong>LA PRATIQUE DU MAGN\u00c9TISME\u00a0: pour nettoyer et harmoniser le corps physique et les corps \u00e9nerg\u00e9tiques<\/strong><\/p>\n<p><\/p>\n<p><\/p>\n<p>Bien qu\u2019invisible, l\u2019\u00e9nergie est pr\u00e9sente dans tout l\u2019univers sous forme de vibrations. Qu\u2019on l\u2019appelle \u00ab\u00a0Qi\u00a0\u00bb en Chine ou \u00ab\u00a0Prana\u00a0\u00bb en Inde, l\u2019Energie, source de toute vie, donne forme (informe), c\u2019est-\u00e0-dire qu\u2019elle pr\u00e9existe au monde physique. L\u2019\u00e9nergie est donc ins\u00e9parable de la mati\u00e8re\u00a0: c\u2019est le principe quantique des ondes (\u00e9nergie) se convertissant en particules (mati\u00e8re) et vice-versa.<\/p>\n<p><\/p>\n<p><\/p>\n<p>Cette intelligence universelle, qui harmonise et maintient les \u00e9quilibres, est interactive. Nous pouvons communiquer avec elle gr\u00e2ce \u00e0 la force de notre intention, la fameuse loi de l\u2019attraction selon laquelle nous cr\u00e9ons nous-m\u00eames notre r\u00e9alit\u00e9 via les ondes \u00e9lectromagn\u00e9tiques que nous \u00e9mettons. Nos pens\u00e9es, qui se traduisent en fr\u00e9quences c\u00e9r\u00e9brales, entrent en effet en r\u00e9sonance avec des champs d\u2019information que nous attirons \u00e0 nous (consciemment ou non).<\/p>\n<p><\/p>\n<p><\/p>\n<p>Nous captons les ondes vibratoires qui nous entourent par l\u2019entremise de nos centres \u00e9nerg\u00e9tiques, les chakras, fonctionnant comme des vortex \u00e9metteurs-r\u00e9cepteurs. On en d\u00e9nombre sept principaux log\u00e9s le long de la colonne vert\u00e9bral. Ces chakras sont reli\u00e9s aux diff\u00e9rents corps qu\u2019ils r\u00e9gulent\u00a0: le corps physique et les corps subtils ou \u00e9nerg\u00e9tiques. Ils jouent un r\u00f4le d\u2019interface entre notre organisme et l\u2019environnement (gestion des flux et des \u00e9changes).<\/p>\n<p><\/p>\n<p><\/p>\n<p>L\u2019\u00e9nergie vitale est cens\u00e9e circuler \u00e0 travers nous. C\u2019est pourquoi le magn\u00e9tisme vise principalement \u00e0 fluidifier l\u2019\u00e9nergie dans les zones obstru\u00e9es. Ces blocages proviennent de facteurs divers\u00a0: le stress, des pens\u00e9es n\u00e9gatives, un traumatisme physique ou \u00e9motionnel, une alimentation inad\u00e9quate, un mode de vie s\u00e9dentaire, la prise de substances toxiques, des difficult\u00e9s \u00e0 accepter la perte et tous les changements inh\u00e9rents \u00e0 la vie humaine\u2026<\/p>\n<p><\/p>\n<p><\/p>\n<p>En se densifiant dans le corps physique, les \u00e9nergies bloqu\u00e9es peuvent cr\u00e9er toutes sortes de perturbations et conduire \u00e0 la manifestation de sympt\u00f4mes. Pour prendre l\u2019image de la tuyauterie, si vos canalisations se bouchent, une odeur d\u00e9sagr\u00e9able se fera rapidement sentir et c\u2019est cela qui vous alertera. La maladie devrait ainsi \u00eatre consid\u00e9r\u00e9e comme un signal indiquant un probl\u00e8me \u00e0 r\u00e9gler. Apprendre \u00e0 \u00e9couter les messages de son corps est donc un premier pas vers le r\u00e9tablissement de l\u2019\u00e9quilibre.<\/p>\n<p><\/p>\n<p><\/p>\n<p>Si l\u2019esprit a le pouvoir d\u2019influencer le corps, la gu\u00e9rison d\u00e9pend donc grandement de la volont\u00e9 de la personne \u00e0 faire un travail sur elle-m\u00eame pour am\u00e9liorer sa sant\u00e9, son bien-\u00eatre et sa qualit\u00e9 de vie. Il importe de savoir qu\u2019on continue d\u2019alimenter sa souffrance, en cr\u00e9ant plus de d\u00e9s\u00e9quilibres et de blocages, d\u00e8s lors que l\u2019on refuse ce qui nous arrive (sch\u00e9ma d\u2019aversion) ou que l\u2019on d\u00e9sire ce que l\u2019on n\u2019a pas (sch\u00e9ma d\u2019avidit\u00e9). Une des cl\u00e9s de la lib\u00e9ration est d\u2019<em>accueillir ce qui est <\/em>pour \u00eatre heureux, en paix,\u00a0en harmonie, et vibrer au diapason avec la vie qui nous veut toujours du bien (m\u00eame si ses plans nous \u00e9chappent\u00a0!).<\/p>\n<p><\/p>\n<p><\/p>\n<p>En me connectant aux \u00e9nergies cosmiques et telluriques, je deviens canal pour diriger ces \u00e9nergies naturelles vers le destinataire du soin. L\u2019intelligence de l\u2019univers \u0153uvre au service du vivant, elle sait exactement o\u00f9 aller et ce qui est juste pour chacun. Le magn\u00e9tisme se pratique donc aussi bien \u00e0 distance qu\u2019en pr\u00e9sence.<\/p>\n<p><\/p>\n<p><\/p>\n<p><img fetchpriority=\"high\" decoding=\"async\" class=\"alignnone size-medium wp-image-514 aligncenter\" src=\"https:\/\/www.jaorrshona.fr\/wp-content\/uploads\/2022\/10\/magnetisme-1-300x194.jpg\" alt=\"\" width=\"300\" height=\"194\" srcset=\"https:\/\/www.jaorrshona.fr\/wp-content\/uploads\/2022\/10\/magnetisme-1-300x194.jpg 300w, https:\/\/www.jaorrshona.fr\/wp-content\/uploads\/2022\/10\/magnetisme-1.jpg 612w\" sizes=\"(max-width: 300px) 100vw, 300px\" \/><\/p>\n<p>Voici une liste non exhaustive des domaines d\u2019application\u00a0:<\/p>\n<p><\/p>\n<p><\/p>\n<ul class=\"wp-block-list\">\n<li>Nettoyage et rechargement \u00e9nerg\u00e9tique<\/li>\n<li>Fatigue chronique, insomnie, terreurs nocturnes<\/li>\n<li>Br\u00fblures<\/li>\n<li>Maladies de peau (ecz\u00e9ma, psoriasis, zona, herp\u00e8s, acn\u00e9, verrues, mycoses, d\u00e9mangeaisons\u2026)<\/li>\n<li>Douleurs articulaires et musculaires (arthrose, arthrite, rhumatisme, sciatique, lumbago, tendinite, torticolis\u2026)<\/li>\n<li>Douleurs digestives (maux d\u2019estomac, ballonnements, colites\u2026)<\/li>\n<li>Douleurs menstruelles, endom\u00e9triose<\/li>\n<li>Probl\u00e8mes g\u00e9nitaux et\/ou urinaires (cystite, m\u00e9nopause, infertilit\u00e9, prostate\u2026)<\/li>\n<li>Troubles ORL et respiratoires (sinusite, otite, angine, toux, asthme, bronchite\u2026)<\/li>\n<li>Maux de t\u00eate, migraines, vertiges, acouph\u00e8nes<\/li>\n<li>Stress, angoisse, d\u00e9pression, chocs \u00e9motionnels<\/li>\n<li>Troubles alimentaires, addictions<\/li>\n<li>Accompagnement des radioth\u00e9rapies, chimioth\u00e9rapies et traitements lourds<\/li>\n<li>Etc.<\/li>\n<\/ul>\n<p><\/p>\t\t\t\t\t\t\t\t<\/div>\n\t\t\t\t<\/div>\n\t\t\t\t\t<\/div>\n\t\t<\/div>\n\t\t\t\t\t<\/div>\n\t\t<\/section>\n\t\t\t\t<\/div>\n\t\t","protected":false},"excerpt":{"rendered":"<p>\u00ab Tout est \u00e9nergie, et c\u2019est l\u00e0 tout ce qu\u2019il y a \u00e0 comprendre dans la vie. Aligne-toi \u00e0 la fr\u00e9quence de la r\u00e9alit\u00e9 que tu souhaites et cette r\u00e9alit\u00e9 se manifestera. Il ne peut en \u00eatre autrement. Ce n\u2019est pas de la philosophie. C\u2019est de la physique. \u00bb Albert Einstein \u00a0 LA PRATIQUE DU [&hellip;]<\/p>\n","protected":false},"author":1,"featured_media":0,"parent":0,"menu_order":0,"comment_status":"closed","ping_status":"closed","template":"","meta":{"ocean_post_layout":"","ocean_both_sidebars_style":"","ocean_both_sidebars_content_width":0,"ocean_both_sidebars_sidebars_width":0,"ocean_sidebar":"0","ocean_second_sidebar":"0","ocean_disable_margins":"enable","ocean_add_body_class":"","ocean_shortcode_before_top_bar":"","ocean_shortcode_after_top_bar":"","ocean_shortcode_before_header":"","ocean_shortcode_after_header":"","ocean_has_shortcode":"","ocean_shortcode_after_title":"","ocean_shortcode_before_footer_widgets":"","ocean_shortcode_after_footer_widgets":"","ocean_shortcode_before_footer_bottom":"","ocean_shortcode_after_footer_bottom":"","ocean_display_top_bar":"default","ocean_display_header":"default","ocean_header_style":"","ocean_center_header_left_menu":"0","ocean_custom_header_template":"0","ocean_custom_logo":0,"ocean_custom_retina_logo":0,"ocean_custom_logo_max_width":0,"ocean_custom_logo_tablet_max_width":0,"ocean_custom_logo_mobile_max_width":0,"ocean_custom_logo_max_height":0,"ocean_custom_logo_tablet_max_height":0,"ocean_custom_logo_mobile_max_height":0,"ocean_header_custom_menu":"0","ocean_menu_typo_font_family":"0","ocean_menu_typo_font_subset":"","ocean_menu_typo_font_size":0,"ocean_menu_typo_font_size_tablet":0,"ocean_menu_typo_font_size_mobile":0,"ocean_menu_typo_font_size_unit":"px","ocean_menu_typo_font_weight":"","ocean_menu_typo_font_weight_tablet":"","ocean_menu_typo_font_weight_mobile":"","ocean_menu_typo_transform":"","ocean_menu_typo_transform_tablet":"","ocean_menu_typo_transform_mobile":"","ocean_menu_typo_line_height":0,"ocean_menu_typo_line_height_tablet":0,"ocean_menu_typo_line_height_mobile":0,"ocean_menu_typo_line_height_unit":"","ocean_menu_typo_spacing":0,"ocean_menu_typo_spacing_tablet":0,"ocean_menu_typo_spacing_mobile":0,"ocean_menu_typo_spacing_unit":"","ocean_menu_link_color":"","ocean_menu_link_color_hover":"","ocean_menu_link_color_active":"","ocean_menu_link_background":"","ocean_menu_link_hover_background":"","ocean_menu_link_active_background":"","ocean_menu_social_links_bg":"","ocean_menu_social_hover_links_bg":"","ocean_menu_social_links_color":"","ocean_menu_social_hover_links_color":"","ocean_disable_title":"default","ocean_disable_heading":"default","ocean_post_title":"","ocean_post_subheading":"","ocean_post_title_style":"","ocean_post_title_background_color":"","ocean_post_title_background":0,"ocean_post_title_bg_image_position":"","ocean_post_title_bg_image_attachment":"","ocean_post_title_bg_image_repeat":"","ocean_post_title_bg_image_size":"","ocean_post_title_height":0,"ocean_post_title_bg_overlay":0.5,"ocean_post_title_bg_overlay_color":"","ocean_disable_breadcrumbs":"default","ocean_breadcrumbs_color":"","ocean_breadcrumbs_separator_color":"","ocean_breadcrumbs_links_color":"","ocean_breadcrumbs_links_hover_color":"","ocean_display_footer_widgets":"default","ocean_display_footer_bottom":"default","ocean_custom_footer_template":"0","footnotes":""},"class_list":["post-202","page","type-page","status-publish","hentry","entry"],"jetpack_sharing_enabled":true,"_links":{"self":[{"href":"https:\/\/www.jaorrshona.fr\/index.php?rest_route=\/wp\/v2\/pages\/202"}],"collection":[{"href":"https:\/\/www.jaorrshona.fr\/index.php?rest_route=\/wp\/v2\/pages"}],"about":[{"href":"https:\/\/www.jaorrshona.fr\/index.php?rest_route=\/wp\/v2\/types\/page"}],"author":[{"embeddable":true,"href":"https:\/\/www.jaorrshona.fr\/index.php?rest_route=\/wp\/v2\/users\/1"}],"replies":[{"embeddable":true,"href":"https:\/\/www.jaorrshona.fr\/index.php?rest_route=%2Fwp%2Fv2%2Fcomments&post=202"}],"version-history":[{"count":15,"href":"https:\/\/www.jaorrshona.fr\/index.php?rest_route=\/wp\/v2\/pages\/202\/revisions"}],"predecessor-version":[{"id":517,"href":"https:\/\/www.jaorrshona.fr\/index.php?rest_route=\/wp\/v2\/pages\/202\/revisions\/517"}],"wp:attachment":[{"href":"https:\/\/www.jaorrshona.fr\/index.php?rest_route=%2Fwp%2Fv2%2Fmedia&parent=202"}],"curies":[{"name":"wp","href":"https:\/\/api.w.org\/{rel}","templated":true}]}}