{"id":193,"date":"2020-11-26T16:56:09","date_gmt":"2020-11-26T15:56:09","guid":{"rendered":"https:\/\/www.jaorrshona.fr\/?page_id=193"},"modified":"2026-05-05T13:27:13","modified_gmt":"2026-05-05T11:27:13","slug":"votre-therapeute","status":"publish","type":"page","link":"https:\/\/www.jaorrshona.fr\/?page_id=193","title":{"rendered":"Votre praticienne"},"content":{"rendered":"\t\t<div data-elementor-type=\"wp-page\" data-elementor-id=\"193\" class=\"elementor elementor-193\">\n\t\t\t\t\t\t<section class=\"elementor-section elementor-top-section elementor-element elementor-element-787e406c elementor-section-boxed elementor-section-height-default elementor-section-height-default\" data-id=\"787e406c\" data-element_type=\"section\" data-e-type=\"section\">\n\t\t\t\t\t\t<div class=\"elementor-container elementor-column-gap-default\">\n\t\t\t\t\t<div class=\"elementor-column elementor-col-100 elementor-top-column elementor-element elementor-element-34fc99a\" data-id=\"34fc99a\" data-element_type=\"column\" data-e-type=\"column\">\n\t\t\t<div class=\"elementor-widget-wrap elementor-element-populated\">\n\t\t\t\t\t\t<div class=\"elementor-element elementor-element-27be294b elementor-widget elementor-widget-text-editor\" data-id=\"27be294b\" data-element_type=\"widget\" data-e-type=\"widget\" data-widget_type=\"text-editor.default\">\n\t\t\t\t<div class=\"elementor-widget-container\">\n\t\t\t\t\t\t\t\t\t\n<p class=\"has-text-align-left\">Passionn\u00e9e par les relations humaines et attir\u00e9e par l\u2019ailleurs, je me suis initialement form\u00e9e \u00e0 l\u2019anthropologie. De nature sensible et empathique, mes recherches et mon v\u00e9cu m\u2019ont amen\u00e9e \u00e0 m\u2019int\u00e9resser au d\u00e9veloppement personnel, aux th\u00e9rapies holistiques, aux arts divinatoires ainsi qu\u2019\u00e0 la spiritualit\u00e9. La rencontre avec l\u2019autre m\u2019a appris \u00e0 me conna\u00eetre et \u00e0 entrer au c\u0153ur de mes blessures en traversant des \u00e9preuves qui m\u2019ont ouvert le chemin du voyage int\u00e9rieur.<\/p>\n\n<p>Suite \u00e0 une exp\u00e9rience de mort imminente, j\u2019ai d\u00e9couvert les \u00e9tats de conscience \u00e9largie que je continue d\u2019explorer \u00e0 travers les voies de l\u2019hypnose, du chamanisme, du magn\u00e9tisme, de la m\u00e9ditation, ou encore de la flottaison en isolation sensorielle. Au service de l\u2019\u00e9veil et de la lib\u00e9ration, j\u2019accompagne aujourd\u2019hui les personnes dans leur parcours de gu\u00e9rison pour les aider \u00e0 soulager leur souffrance et transmuter l\u2019ombre en lumi\u00e8re.<\/p>\n\n<div class=\"wp-block-image is-style-rounded\">\n<figure class=\"aligncenter size-large is-resized\"><img fetchpriority=\"high\" decoding=\"async\" class=\"alignnone size-medium wp-image-626\" src=\"https:\/\/www.jaorrshona.fr\/wp-content\/uploads\/2026\/05\/Portrait_SarahMellet-225x300.jpg\" alt=\"\" width=\"225\" height=\"300\" srcset=\"https:\/\/www.jaorrshona.fr\/wp-content\/uploads\/2026\/05\/Portrait_SarahMellet-225x300.jpg 225w, https:\/\/www.jaorrshona.fr\/wp-content\/uploads\/2026\/05\/Portrait_SarahMellet-768x1024.jpg 768w, https:\/\/www.jaorrshona.fr\/wp-content\/uploads\/2026\/05\/Portrait_SarahMellet-1152x1536.jpg 1152w, https:\/\/www.jaorrshona.fr\/wp-content\/uploads\/2026\/05\/Portrait_SarahMellet-1536x2048.jpg 1536w, https:\/\/www.jaorrshona.fr\/wp-content\/uploads\/2026\/05\/Portrait_SarahMellet-scaled.jpg 1920w\" sizes=\"(max-width: 225px) 100vw, 225px\" \/><\/figure>\n<\/div>\n\t\t\t\t\t\t\t\t<\/div>\n\t\t\t\t<\/div>\n\t\t\t\t\t<\/div>\n\t\t<\/div>\n\t\t\t\t\t<\/div>\n\t\t<\/section>\n\t\t\t\t<\/div>\n\t\t","protected":false},"excerpt":{"rendered":"<p>Passionn\u00e9e par les relations humaines et attir\u00e9e par l\u2019ailleurs, je me suis initialement form\u00e9e \u00e0 l\u2019anthropologie. De nature sensible et empathique, mes recherches et mon v\u00e9cu m\u2019ont amen\u00e9e \u00e0 m\u2019int\u00e9resser au d\u00e9veloppement personnel, aux th\u00e9rapies holistiques, aux arts divinatoires ainsi qu\u2019\u00e0 la spiritualit\u00e9. La rencontre avec l\u2019autre m\u2019a appris \u00e0 me conna\u00eetre et \u00e0 entrer [&hellip;]<\/p>\n","protected":false},"author":1,"featured_media":0,"parent":0,"menu_order":0,"comment_status":"closed","ping_status":"closed","template":"","meta":{"ocean_post_layout":"","ocean_both_sidebars_style":"","ocean_both_sidebars_content_width":0,"ocean_both_sidebars_sidebars_width":0,"ocean_sidebar":"0","ocean_second_sidebar":"0","ocean_disable_margins":"enable","ocean_add_body_class":"","ocean_shortcode_before_top_bar":"","ocean_shortcode_after_top_bar":"","ocean_shortcode_before_header":"","ocean_shortcode_after_header":"","ocean_has_shortcode":"","ocean_shortcode_after_title":"","ocean_shortcode_before_footer_widgets":"","ocean_shortcode_after_footer_widgets":"","ocean_shortcode_before_footer_bottom":"","ocean_shortcode_after_footer_bottom":"","ocean_display_top_bar":"default","ocean_display_header":"default","ocean_header_style":"","ocean_center_header_left_menu":"0","ocean_custom_header_template":"0","ocean_custom_logo":0,"ocean_custom_retina_logo":0,"ocean_custom_logo_max_width":0,"ocean_custom_logo_tablet_max_width":0,"ocean_custom_logo_mobile_max_width":0,"ocean_custom_logo_max_height":0,"ocean_custom_logo_tablet_max_height":0,"ocean_custom_logo_mobile_max_height":0,"ocean_header_custom_menu":"0","ocean_menu_typo_font_family":"0","ocean_menu_typo_font_subset":"","ocean_menu_typo_font_size":0,"ocean_menu_typo_font_size_tablet":0,"ocean_menu_typo_font_size_mobile":0,"ocean_menu_typo_font_size_unit":"px","ocean_menu_typo_font_weight":"","ocean_menu_typo_font_weight_tablet":"","ocean_menu_typo_font_weight_mobile":"","ocean_menu_typo_transform":"","ocean_menu_typo_transform_tablet":"","ocean_menu_typo_transform_mobile":"","ocean_menu_typo_line_height":0,"ocean_menu_typo_line_height_tablet":0,"ocean_menu_typo_line_height_mobile":0,"ocean_menu_typo_line_height_unit":"","ocean_menu_typo_spacing":0,"ocean_menu_typo_spacing_tablet":0,"ocean_menu_typo_spacing_mobile":0,"ocean_menu_typo_spacing_unit":"","ocean_menu_link_color":"","ocean_menu_link_color_hover":"","ocean_menu_link_color_active":"","ocean_menu_link_background":"","ocean_menu_link_hover_background":"","ocean_menu_link_active_background":"","ocean_menu_social_links_bg":"","ocean_menu_social_hover_links_bg":"","ocean_menu_social_links_color":"","ocean_menu_social_hover_links_color":"","ocean_disable_title":"default","ocean_disable_heading":"default","ocean_post_title":"","ocean_post_subheading":"","ocean_post_title_style":"","ocean_post_title_background_color":"","ocean_post_title_background":0,"ocean_post_title_bg_image_position":"","ocean_post_title_bg_image_attachment":"","ocean_post_title_bg_image_repeat":"","ocean_post_title_bg_image_size":"","ocean_post_title_height":0,"ocean_post_title_bg_overlay":0.5,"ocean_post_title_bg_overlay_color":"","ocean_disable_breadcrumbs":"default","ocean_breadcrumbs_color":"","ocean_breadcrumbs_separator_color":"","ocean_breadcrumbs_links_color":"","ocean_breadcrumbs_links_hover_color":"","ocean_display_footer_widgets":"default","ocean_display_footer_bottom":"default","ocean_custom_footer_template":"0","footnotes":""},"class_list":["post-193","page","type-page","status-publish","hentry","entry"],"jetpack_sharing_enabled":true,"_links":{"self":[{"href":"https:\/\/www.jaorrshona.fr\/index.php?rest_route=\/wp\/v2\/pages\/193","targetHints":{"allow":["GET"]}}],"collection":[{"href":"https:\/\/www.jaorrshona.fr\/index.php?rest_route=\/wp\/v2\/pages"}],"about":[{"href":"https:\/\/www.jaorrshona.fr\/index.php?rest_route=\/wp\/v2\/types\/page"}],"author":[{"embeddable":true,"href":"https:\/\/www.jaorrshona.fr\/index.php?rest_route=\/wp\/v2\/users\/1"}],"replies":[{"embeddable":true,"href":"https:\/\/www.jaorrshona.fr\/index.php?rest_route=%2Fwp%2Fv2%2Fcomments&post=193"}],"version-history":[{"count":16,"href":"https:\/\/www.jaorrshona.fr\/index.php?rest_route=\/wp\/v2\/pages\/193\/revisions"}],"predecessor-version":[{"id":629,"href":"https:\/\/www.jaorrshona.fr\/index.php?rest_route=\/wp\/v2\/pages\/193\/revisions\/629"}],"wp:attachment":[{"href":"https:\/\/www.jaorrshona.fr\/index.php?rest_route=%2Fwp%2Fv2%2Fmedia&parent=193"}],"curies":[{"name":"wp","href":"https:\/\/api.w.org\/{rel}","templated":true}]}}